{"id":2,"date":"2016-03-02T19:57:25","date_gmt":"2016-03-02T18:57:25","guid":{"rendered":"http:\/\/futureforhuman.com\/?page_id=2"},"modified":"2017-10-16T16:21:53","modified_gmt":"2017-10-16T14:21:53","slug":"przykladowa-strona","status":"publish","type":"page","link":"https:\/\/futureforhuman.com\/?page_id=2","title":{"rendered":"Informacje"},"content":{"rendered":"<p>&nbsp;<\/p>\n<blockquote><p>Jeste\u015bmy zespo\u0142em wsp\u00f3\u0142pracuj\u0105cych konsultant\u00f3w z obszaru HR i zarz\u0105dzania biznesem. Wsp\u00f3\u0142pracujemy na zasadzie zlece\u0144, realizacji projekt\u00f3w oraz intrerim managementu.<\/p>\n<p>Dzia\u0142amy na rynku od pocz\u0105tku 2016 roku i mamy za sob\u0105 poza w\u0142asnym do\u015bwiadczeniem wyniesionym z poprzednich miejsc pracy kilka ciekawych projekt\u00f3w zrealizowanych jako zesp\u00f3\u0142 f4h.<\/p>\n<p>Zapraszamy do kontaktu<\/p><\/blockquote>\n","protected":false},"excerpt":{"rendered":"<p>&nbsp; Jeste\u015bmy zespo\u0142em wsp\u00f3\u0142pracuj\u0105cych konsultant\u00f3w z obszaru HR i zarz\u0105dzania biznesem. Wsp\u00f3\u0142pracujemy na zasadzie zlece\u0144, realizacji projekt\u00f3w oraz intrerim managementu. Dzia\u0142amy na rynku od pocz\u0105tku 2016 roku i mamy za sob\u0105 poza w\u0142asnym do\u015bwiadczeniem wyniesionym z poprzednich miejsc pracy kilka ciekawych projekt\u00f3w zrealizowanych jako zesp\u00f3\u0142 f4h. Zapraszamy do kontaktu<\/p>\n","protected":false},"author":1,"featured_media":0,"parent":0,"menu_order":0,"comment_status":"closed","ping_status":"open","template":"","meta":{"footnotes":""},"class_list":["post-2","page","type-page","status-publish","hentry"],"_links":{"self":[{"href":"https:\/\/futureforhuman.com\/index.php?rest_route=\/wp\/v2\/pages\/2","targetHints":{"allow":["GET"]}}],"collection":[{"href":"https:\/\/futureforhuman.com\/index.php?rest_route=\/wp\/v2\/pages"}],"about":[{"href":"https:\/\/futureforhuman.com\/index.php?rest_route=\/wp\/v2\/types\/page"}],"author":[{"embeddable":true,"href":"https:\/\/futureforhuman.com\/index.php?rest_route=\/wp\/v2\/users\/1"}],"replies":[{"embeddable":true,"href":"https:\/\/futureforhuman.com\/index.php?rest_route=%2Fwp%2Fv2%2Fcomments&post=2"}],"version-history":[{"count":1,"href":"https:\/\/futureforhuman.com\/index.php?rest_route=\/wp\/v2\/pages\/2\/revisions"}],"predecessor-version":[{"id":26,"href":"https:\/\/futureforhuman.com\/index.php?rest_route=\/wp\/v2\/pages\/2\/revisions\/26"}],"wp:attachment":[{"href":"https:\/\/futureforhuman.com\/index.php?rest_route=%2Fwp%2Fv2%2Fmedia&parent=2"}],"curies":[{"name":"wp","href":"https:\/\/api.w.org\/{rel}","templated":true}]}}